{"id":32,"date":"2023-12-12T11:16:14","date_gmt":"2023-12-12T10:16:14","guid":{"rendered":"http:\/\/www.dislecan.es\/?page_id=32"},"modified":"2023-12-12T11:58:53","modified_gmt":"2023-12-12T10:58:53","slug":"homenaje","status":"publish","type":"page","link":"https:\/\/www.dislecan.es\/?page_id=32","title":{"rendered":"Homenaje"},"content":{"rendered":"\n<p class=\"has-large-font-size\"><strong>\u00a1Hasta siempre, compa\u00f1era de batalla!<\/strong><\/p>\n\n\n<div class=\"wp-block-image\">\n<figure class=\"aligncenter size-full\"><img loading=\"lazy\" decoding=\"async\" width=\"295\" height=\"300\" src=\"http:\/\/www.dislecan.es\/wp-content\/uploads\/2023\/12\/656537-295x300-1.jpg\" alt=\"\" class=\"wp-image-79\"\/><\/figure>\n<\/div>\n\n\n<p class=\"has-text-align-left has-medium-font-size\"><br>DISLECAN le dice adi\u00f3s a su fundadora y vicepresidenta, Pilar Rodr\u00edguez D\u00edez, quien despu\u00e9s de una larga y dolorosa enfermedad nos ha dejado con una ausencia abrumadora.<\/p>\n\n\n\n<p class=\"has-text-align-left has-medium-font-size\"><br>Su implicaci\u00f3n personal y profesional hicieron posible, que DISLECAN comenzar\u00e1 a caminar en una Comunidad Aut\u00f3noma, en la que no exist\u00eda representaci\u00f3n de familias de personas con dislexia y otras dificultades espec\u00edficas de aprendizaje.<\/p>\n\n\n\n<p class=\"has-text-align-left has-medium-font-size\"><br>Siempre en defensa de los que fueron ignorados hasta no hace mucho, contribuy\u00f3 con su tenacidad y persistencia, a que hoy los derechos de las personas con dislexia hayan sido reconocidos en muchos \u00e1mbitos de nuestra sociedad.<\/p>\n\n\n\n<p class=\"has-text-align-left has-medium-font-size\">No hab\u00eda obst\u00e1culo para seguir avanzando e ir a cuantas instituciones, partidos pol\u00edticos y organismos hicieran falta, siempre de acuerdo a sus principios y valores, a favor de las necesidades de este colectivo tan desfavorecido en nuestro sistema educativo y laboral.<\/p>\n\n\n\n<p class=\"has-text-align-left has-medium-font-size\">Organizadora de cuatro jornadas de dislexia en Canarias contribuy\u00f3, con su entrega absoluta, a que familias, profesionales y autoridades de la educaci\u00f3n recibieran formaci\u00f3n sobre las dificultades espec\u00edficas de aprendizaje tan necesaria en nuestra Comunidad.<\/p>\n\n\n\n<p class=\"has-text-align-left has-medium-font-size\"><br>Su lucha hizo posible que la calidad de vida de muchas personas mejorara interviniendo personalmente donde hiciera falta e, incluso, en la \u00faltima etapa de su vida, sus pensamientos segu\u00edan dedicados a las personas con dislexia.<\/p>\n\n\n\n<p class=\"has-text-align-left has-medium-font-size\"><br>\u00a1Querida compa\u00f1era, querida amiga, eres un referente para todos nosotros y tu p\u00e9rdida es inmensa!<\/p>\n\n\n\n<p class=\"has-text-align-left has-medium-font-size\"><br>Queda tu legado, aqu\u00ed en el mundo de los mortales, para que esta gran batalla, que un d\u00eda comenzamos hace 15 a\u00f1os, a favor de los derechos fundamentales de todas las personas con dislexia y alguna dificultad espec\u00edfica de aprendizaje continu\u00e9 su curso.<\/p>\n\n\n\n<p class=\"has-text-align-left has-medium-font-size\"><br>Siempre seguir\u00e1s con nosotros, all\u00e1 donde vayamos, donde haga falta, para lograr que este mundo sea un poco m\u00e1s justo y equitativo, tal como t\u00fa siempre hubieses querido.<\/p>\n\n\n\n<p class=\"has-text-align-left has-medium-font-size\"><br>Los que te conocimos, \u00a1nunca te olvidaremos!<\/p>\n\n\n\n<p class=\"has-text-align-left has-medium-font-size\">\u00a1Hasta siempre, compa\u00f1era de batalla!<\/p>\n\n\n\n<p class=\"has-text-align-left has-medium-font-size\">\u00a1Qu\u00e9 descanses en paz y que tu esp\u00edritu siempre nos acompa\u00f1e!<br><\/p>\n\n\n\n<p class=\"has-text-align-left has-medium-font-size\">El Equipo de DISLECAN<\/p>\n\n\n<div class=\"wp-block-image\">\n<figure class=\"alignright size-full\"><img loading=\"lazy\" decoding=\"async\" width=\"179\" height=\"197\" src=\"http:\/\/www.dislecan.es\/wp-content\/uploads\/2023\/12\/homenaje.png\" alt=\"\" class=\"wp-image-78\"\/><\/figure>\n<\/div>","protected":false},"excerpt":{"rendered":"<p>\u00a1Hasta siempre, compa\u00f1era de batalla! DISLECAN le dice adi\u00f3s a su fundadora y vicepresidenta, Pilar Rodr\u00edguez D\u00edez, quien despu\u00e9s de una larga y dolorosa enfermedad nos ha dejado con una ausencia abrumadora. Su implicaci\u00f3n personal y profesional hicieron posible, que DISLECAN comenzar\u00e1 a caminar en una Comunidad Aut\u00f3noma, en la que no exist\u00eda representaci\u00f3n de&nbsp;&hellip;<\/p>\n","protected":false},"author":1,"featured_media":0,"parent":0,"menu_order":0,"comment_status":"closed","ping_status":"closed","template":"","meta":{"footnotes":""},"class_list":["post-32","page","type-page","status-publish","hentry"],"aioseo_notices":[],"_links":{"self":[{"href":"https:\/\/www.dislecan.es\/index.php?rest_route=\/wp\/v2\/pages\/32","targetHints":{"allow":["GET"]}}],"collection":[{"href":"https:\/\/www.dislecan.es\/index.php?rest_route=\/wp\/v2\/pages"}],"about":[{"href":"https:\/\/www.dislecan.es\/index.php?rest_route=\/wp\/v2\/types\/page"}],"author":[{"embeddable":true,"href":"https:\/\/www.dislecan.es\/index.php?rest_route=\/wp\/v2\/users\/1"}],"replies":[{"embeddable":true,"href":"https:\/\/www.dislecan.es\/index.php?rest_route=%2Fwp%2Fv2%2Fcomments&post=32"}],"version-history":[{"count":7,"href":"https:\/\/www.dislecan.es\/index.php?rest_route=\/wp\/v2\/pages\/32\/revisions"}],"predecessor-version":[{"id":84,"href":"https:\/\/www.dislecan.es\/index.php?rest_route=\/wp\/v2\/pages\/32\/revisions\/84"}],"wp:attachment":[{"href":"https:\/\/www.dislecan.es\/index.php?rest_route=%2Fwp%2Fv2%2Fmedia&parent=32"}],"curies":[{"name":"wp","href":"https:\/\/api.w.org\/{rel}","templated":true}]}}